{"id":4616,"date":"2022-07-13T21:46:56","date_gmt":"2022-07-13T21:46:56","guid":{"rendered":"https:\/\/financialplanning.tamu.edu\/?page_id=4616"},"modified":"2024-03-11T21:36:05","modified_gmt":"2024-03-11T21:36:05","slug":"networking","status":"publish","type":"page","link":"https:\/\/college.agrilife.org\/financial-planning\/undergraduate\/networking\/","title":{"rendered":"Networking Opportunities"},"content":{"rendered":"<p><div class=\"soliloquy-outer-container\" data-soliloquy-loaded=\"0\"><div aria-live=\"polite\" id=\"soliloquy-container-4625\" class=\"soliloquy-container soliloquy-transition-fade soliloquy-fade soliloquy-controls-active soliloquy-arrows-active  soliloquy-theme-base no-js\" style=\"max-width:768px;max-height:500px;margin:0 auto 20px;max-width:100%;max-height:none;\"><ul id=\"soliloquy-4625\" class=\"soliloquy-slider soliloquy-slides soliloquy-wrap soliloquy-clear\"><li aria-hidden=\"true\" class=\"soliloquy-item soliloquy-item-1 soliloquy-id-4630 soliloquy-image-slide\" draggable=\"false\" style=\"list-style:none;\"><img decoding=\"async\" id=\"soliloquy-image-4630\" class=\"soliloquy-image soliloquy-image-1\" src=\"https:\/\/college.agrilife.org\/financial-planning\/wp-content\/uploads\/sites\/47\/2022\/07\/Ambassador3.jpg\" alt=\"Ambassador3\" \/><\/li><li aria-hidden=\"true\" class=\"soliloquy-item soliloquy-item-2 soliloquy-id-4631 soliloquy-image-slide\" draggable=\"false\" style=\"list-style:none;\"><img decoding=\"async\" id=\"soliloquy-image-4631\" class=\"soliloquy-image soliloquy-image-2 soliloquy-preload\" src=\"https:\/\/college.agrilife.org\/financial-planning\/wp-content\/plugins\/soliloquy\/assets\/css\/images\/holder.gif\" data-soliloquy-src=\"https:\/\/college.agrilife.org\/financial-planning\/wp-content\/uploads\/sites\/47\/2022\/07\/FPSA1.jpg\" alt=\"FPSA1\" \/><\/li><li aria-hidden=\"true\" class=\"soliloquy-item soliloquy-item-3 soliloquy-id-4629 soliloquy-image-slide\" draggable=\"false\" style=\"list-style:none;\"><img decoding=\"async\" id=\"soliloquy-image-4629\" class=\"soliloquy-image soliloquy-image-3 soliloquy-preload\" src=\"https:\/\/college.agrilife.org\/financial-planning\/wp-content\/plugins\/soliloquy\/assets\/css\/images\/holder.gif\" data-soliloquy-src=\"https:\/\/college.agrilife.org\/financial-planning\/wp-content\/uploads\/sites\/47\/2022\/07\/Ambassador1.jpg\" alt=\"Ambassador1\" \/><\/li><li aria-hidden=\"true\" class=\"soliloquy-item soliloquy-item-4 soliloquy-id-4638 soliloquy-image-slide\" draggable=\"false\" style=\"list-style:none;\"><img decoding=\"async\" id=\"soliloquy-image-4638\" class=\"soliloquy-image soliloquy-image-4 soliloquy-preload\" src=\"https:\/\/college.agrilife.org\/financial-planning\/wp-content\/plugins\/soliloquy\/assets\/css\/images\/holder.gif\" data-soliloquy-src=\"https:\/\/college.agrilife.org\/financial-planning\/wp-content\/uploads\/sites\/47\/2022\/07\/FPAChallenge_2019.jpg\" alt=\"FPAChallenge_2019\" \/><\/li><li aria-hidden=\"true\" class=\"soliloquy-item soliloquy-item-5 soliloquy-id-4636 soliloquy-image-slide\" draggable=\"false\" style=\"list-style:none;\"><img decoding=\"async\" id=\"soliloquy-image-4636\" class=\"soliloquy-image soliloquy-image-5 soliloquy-preload\" src=\"https:\/\/college.agrilife.org\/financial-planning\/wp-content\/plugins\/soliloquy\/assets\/css\/images\/holder.gif\" data-soliloquy-src=\"https:\/\/college.agrilife.org\/financial-planning\/wp-content\/uploads\/sites\/47\/2022\/07\/QuizBowl_FPA.jpg\" alt=\"QuizBowl_FPA\" \/><\/li><li aria-hidden=\"true\" class=\"soliloquy-item soliloquy-item-6 soliloquy-id-4637 soliloquy-image-slide\" draggable=\"false\" style=\"list-style:none;\"><img decoding=\"async\" id=\"soliloquy-image-4637\" class=\"soliloquy-image soliloquy-image-6 soliloquy-preload\" src=\"https:\/\/college.agrilife.org\/financial-planning\/wp-content\/plugins\/soliloquy\/assets\/css\/images\/holder.gif\" data-soliloquy-src=\"https:\/\/college.agrilife.org\/financial-planning\/wp-content\/uploads\/sites\/47\/2022\/07\/Scholarship1.jpg\" alt=\"Scholarship1\" \/><\/li><li aria-hidden=\"true\" class=\"soliloquy-item soliloquy-item-7 soliloquy-id-4635 soliloquy-image-slide\" draggable=\"false\" style=\"list-style:none;\"><img decoding=\"async\" id=\"soliloquy-image-4635\" class=\"soliloquy-image soliloquy-image-7 soliloquy-preload\" src=\"https:\/\/college.agrilife.org\/financial-planning\/wp-content\/plugins\/soliloquy\/assets\/css\/images\/holder.gif\" data-soliloquy-src=\"https:\/\/college.agrilife.org\/financial-planning\/wp-content\/uploads\/sites\/47\/2022\/07\/Internship4.jpg\" alt=\"Internship4\" \/><\/li><li aria-hidden=\"true\" class=\"soliloquy-item soliloquy-item-8 soliloquy-id-4634 soliloquy-image-slide\" draggable=\"false\" style=\"list-style:none;\"><img decoding=\"async\" id=\"soliloquy-image-4634\" class=\"soliloquy-image soliloquy-image-8 soliloquy-preload\" src=\"https:\/\/college.agrilife.org\/financial-planning\/wp-content\/plugins\/soliloquy\/assets\/css\/images\/holder.gif\" data-soliloquy-src=\"https:\/\/college.agrilife.org\/financial-planning\/wp-content\/uploads\/sites\/47\/2022\/07\/Internship3.jpg\" alt=\"Internship3\" \/><\/li><li aria-hidden=\"true\" class=\"soliloquy-item soliloquy-item-9 soliloquy-id-4633 soliloquy-image-slide\" draggable=\"false\" style=\"list-style:none;\"><img decoding=\"async\" id=\"soliloquy-image-4633\" class=\"soliloquy-image soliloquy-image-9 soliloquy-preload\" src=\"https:\/\/college.agrilife.org\/financial-planning\/wp-content\/plugins\/soliloquy\/assets\/css\/images\/holder.gif\" data-soliloquy-src=\"https:\/\/college.agrilife.org\/financial-planning\/wp-content\/uploads\/sites\/47\/2022\/07\/Internship2.jpg\" alt=\"Internship2\" \/><\/li><li aria-hidden=\"true\" class=\"soliloquy-item soliloquy-item-10 soliloquy-id-4632 soliloquy-image-slide\" draggable=\"false\" style=\"list-style:none;\"><img decoding=\"async\" id=\"soliloquy-image-4632\" class=\"soliloquy-image soliloquy-image-10 soliloquy-preload\" src=\"https:\/\/college.agrilife.org\/financial-planning\/wp-content\/plugins\/soliloquy\/assets\/css\/images\/holder.gif\" data-soliloquy-src=\"https:\/\/college.agrilife.org\/financial-planning\/wp-content\/uploads\/sites\/47\/2022\/07\/Internship1.jpg\" alt=\"Internship1\" \/><\/li><\/ul><\/div><noscript><div class=\"soliloquy-no-js\" style=\"display:none;visibility:hidden;height:0;line-height:0;opacity:0;\"><img decoding=\"async\" class=\"soliloquy-image soliloquy-no-js-image skip-lazy\" src=\"https:\/\/college.agrilife.org\/financial-planning\/wp-content\/uploads\/sites\/47\/2022\/07\/Ambassador3.jpg\" alt=\"Ambassador3\" \/><img decoding=\"async\" class=\"soliloquy-image soliloquy-no-js-image skip-lazy\" src=\"https:\/\/college.agrilife.org\/financial-planning\/wp-content\/uploads\/sites\/47\/2022\/07\/FPSA1.jpg\" alt=\"FPSA1\" \/><img decoding=\"async\" class=\"soliloquy-image soliloquy-no-js-image skip-lazy\" src=\"https:\/\/college.agrilife.org\/financial-planning\/wp-content\/uploads\/sites\/47\/2022\/07\/Ambassador1.jpg\" alt=\"Ambassador1\" \/><img decoding=\"async\" class=\"soliloquy-image soliloquy-no-js-image skip-lazy\" src=\"https:\/\/college.agrilife.org\/financial-planning\/wp-content\/uploads\/sites\/47\/2022\/07\/FPAChallenge_2019.jpg\" alt=\"FPAChallenge_2019\" \/><img decoding=\"async\" class=\"soliloquy-image soliloquy-no-js-image skip-lazy\" src=\"https:\/\/college.agrilife.org\/financial-planning\/wp-content\/uploads\/sites\/47\/2022\/07\/QuizBowl_FPA.jpg\" alt=\"QuizBowl_FPA\" \/><img decoding=\"async\" class=\"soliloquy-image soliloquy-no-js-image skip-lazy\" src=\"https:\/\/college.agrilife.org\/financial-planning\/wp-content\/uploads\/sites\/47\/2022\/07\/Scholarship1.jpg\" alt=\"Scholarship1\" \/><img decoding=\"async\" class=\"soliloquy-image soliloquy-no-js-image skip-lazy\" src=\"https:\/\/college.agrilife.org\/financial-planning\/wp-content\/uploads\/sites\/47\/2022\/07\/Internship4.jpg\" alt=\"Internship4\" \/><img decoding=\"async\" class=\"soliloquy-image soliloquy-no-js-image skip-lazy\" src=\"https:\/\/college.agrilife.org\/financial-planning\/wp-content\/uploads\/sites\/47\/2022\/07\/Internship3.jpg\" alt=\"Internship3\" \/><img decoding=\"async\" class=\"soliloquy-image soliloquy-no-js-image skip-lazy\" src=\"https:\/\/college.agrilife.org\/financial-planning\/wp-content\/uploads\/sites\/47\/2022\/07\/Internship2.jpg\" alt=\"Internship2\" \/><img decoding=\"async\" class=\"soliloquy-image soliloquy-no-js-image skip-lazy\" src=\"https:\/\/college.agrilife.org\/financial-planning\/wp-content\/uploads\/sites\/47\/2022\/07\/Internship1.jpg\" alt=\"Internship1\" \/><\/div><\/noscript><\/div><br \/>\nGetting involved with the program through networking events, student organization meetings, and interview days are some of the best ways to set yourself up for success.<\/p>\n<p>All opportunities listed below are available to students currently enrolled at Texas AM University in a degree-seeking program. Announcements about these opportunities are shared with students via email.<\/p>\n<h3 style=\"background-color: #d4d2d0; border-radius: 4px; color: #2c2929; padding: 20px;\" align=\"left\">Financial Planning Career &amp; Education Conference<\/h3>\n<p>Students in the minor are invited to attend the annual Financial Planning Career &amp; Education Conference, held each October in College Station. Our program hosts this\u00a0 event, and it is an excellent way to network with fellow students, former students, and industry professionals.<\/p>\n<p><strong>CAREER FAIR<\/strong><br \/>\nStudents looking for a full-time job or internship opportunity are invited to attend the Career Fair portion of our conference.<\/p>\n<p><strong>STUDENT SHOWCASE PRESENTATIONS<\/strong><br \/>\nThe showcase event is specifically designed to help students grow in their presentation abilities and engage with industry professionals through mentorship.\u00a0 We provide a financial planning case and solution in advance. Students select one area within the case (investments, retirement, education, estate, or taxation) and present a 12-minute summary. Students do not need an internship experience or previously completed coursework to participate. This is an excellent way to stand out to potential employers!<\/p>\n<h3 style=\"background-color: #d4d2d0; border-radius: 4px; color: #2c2929; padding: 20px;\" align=\"left\">Financial Planning Student Association<\/h3>\n<p>All students are invited to attend the Financial Planning Student Association (FPSA) meetings. This is a student-led organization dedicated to developing future leaders in the financial planning profession.<\/p>\n<p>Students actively involved with FPSA are encouraged to submit updated r\u00e9sum\u00e9s at the end of September to be included in our annual r\u00e9sum\u00e9 books. This is a great way to make an impression on companies looking to hire for full-time and internship positions.<\/p>\n<h3 style=\"background-color: #d4d2d0; border-radius: 4px; color: #2c2929; padding: 20px;\" align=\"left\">Financial Planning Ambassador Program<\/h3>\n<p>This exclusive program is designed to cultivate future leaders in financial planning through character development, emotional intelligence, experiential learning, innovative creation, and lifelong friendship.<\/p>\n<p>Students selected to participate in this program have access to private leadership and networking events that prepares them for navigating job interviews and entry into the profession.<\/p>\n<h3 style=\"background-color: #d4d2d0; border-radius: 4px; color: #2c2929; padding: 20px;\" align=\"left\">National Conference Opportunities<\/h3>\n<p>Professional industry organizations routinely invite our students to attend conferences, participate in career day events, and compete on national case study teams.<\/p>\n<h3 style=\"background-color: #d4d2d0; border-radius: 4px; color: #2c2929; padding: 20px;\" align=\"left\">Scholarships<\/h3>\n<p>Through generous gifts from former students and our Founder\u2019s Club members, we are honored to recognize outstanding students in our minor program. Scholarship applications open in mid-January and recipients are recognized at the annual Financial Planning Career &amp; Education Conference.<\/p>\n<p>At this time, scholarships are only available to students enrolled at Texas A&amp;M University as an undergraduate student.<\/p>\n<h3 style=\"background-color: #d4d2d0; border-radius: 4px; color: #2c2929; padding: 20px;\" align=\"left\">Job &amp; Internship Opportunities<\/h3>\n<p>Announcements about full time employment and internship opportunities are shared with our students via email.<\/p>\n","protected":false},"excerpt":{"rendered":"<p>Getting involved with the program through networking events, student organization meetings, and interview days are some of the best ways to set yourself up for success. All opportunities listed below are available to students currently enrolled at Texas AM University in a degree-seeking program. Announcements about these opportunities are shared with students via email. Financial [&hellip;]<\/p>\n","protected":false},"author":188,"featured_media":0,"parent":5552,"menu_order":0,"comment_status":"closed","ping_status":"closed","template":"","meta":{"_acf_changed":false,"_relevanssi_hide_post":"","_relevanssi_hide_content":"","_relevanssi_pin_for_all":"","_relevanssi_pin_keywords":"","_relevanssi_unpin_keywords":"","_relevanssi_related_keywords":"","_relevanssi_related_include_ids":"","_relevanssi_related_exclude_ids":"","_relevanssi_related_no_append":"","_relevanssi_related_not_related":"","_relevanssi_related_posts":"","_relevanssi_noindex_reason":"","inline_featured_image":false,"_monsterinsights_skip_tracking":false,"_monsterinsights_sitenote_active":false,"_monsterinsights_sitenote_note":"","_monsterinsights_sitenote_category":0,"footnotes":""},"class_list":["post-4616","page","type-page","status-publish","hentry"],"acf":[],"yoast_head":"<!-- This site is optimized with the Yoast SEO plugin v27.2 - https:\/\/yoast.com\/product\/yoast-seo-wordpress\/ -->\n<title>Networking Opportunities - Financial Planning Program<\/title>\n<meta name=\"robots\" content=\"index, follow, max-snippet:-1, max-image-preview:large, max-video-preview:-1\" \/>\n<link rel=\"canonical\" href=\"https:\/\/college.agrilife.org\/financial-planning\/undergraduate\/networking\/\" \/>\n<meta property=\"og:locale\" content=\"en_US\" \/>\n<meta property=\"og:type\" content=\"article\" \/>\n<meta property=\"og:title\" content=\"Networking Opportunities - Financial Planning Program\" \/>\n<meta property=\"og:description\" content=\"Getting involved with the program through networking events, student organization meetings, and interview days are some of the best ways to set yourself up for success. All opportunities listed below are available to students currently enrolled at Texas AM University in a degree-seeking program. Announcements about these opportunities are shared with students via email. Financial [&hellip;]\" \/>\n<meta property=\"og:url\" content=\"https:\/\/college.agrilife.org\/financial-planning\/undergraduate\/networking\/\" \/>\n<meta property=\"og:site_name\" content=\"Financial Planning Program\" \/>\n<meta property=\"article:modified_time\" content=\"2024-03-11T21:36:05+00:00\" \/>\n<meta name=\"twitter:card\" content=\"summary_large_image\" \/>\n<meta name=\"twitter:label1\" content=\"Est. reading time\" \/>\n\t<meta name=\"twitter:data1\" content=\"2 minutes\" \/>\n<script type=\"application\/ld+json\" class=\"yoast-schema-graph\">{\"@context\":\"https:\/\/schema.org\",\"@graph\":[{\"@type\":\"WebPage\",\"@id\":\"https:\/\/college.agrilife.org\/financial-planning\/undergraduate\/networking\/\",\"url\":\"https:\/\/college.agrilife.org\/financial-planning\/undergraduate\/networking\/\",\"name\":\"Networking Opportunities - Financial Planning Program\",\"isPartOf\":{\"@id\":\"https:\/\/college.agrilife.org\/financial-planning\/#website\"},\"datePublished\":\"2022-07-13T21:46:56+00:00\",\"dateModified\":\"2024-03-11T21:36:05+00:00\",\"breadcrumb\":{\"@id\":\"https:\/\/college.agrilife.org\/financial-planning\/undergraduate\/networking\/#breadcrumb\"},\"inLanguage\":\"en-US\",\"potentialAction\":[{\"@type\":\"ReadAction\",\"target\":[\"https:\/\/college.agrilife.org\/financial-planning\/undergraduate\/networking\/\"]}]},{\"@type\":\"BreadcrumbList\",\"@id\":\"https:\/\/college.agrilife.org\/financial-planning\/undergraduate\/networking\/#breadcrumb\",\"itemListElement\":[{\"@type\":\"ListItem\",\"position\":1,\"name\":\"Home\",\"item\":\"https:\/\/college.agrilife.org\/financial-planning\/\"},{\"@type\":\"ListItem\",\"position\":2,\"name\":\"Undergraduate Programs\",\"item\":\"https:\/\/college.agrilife.org\/financial-planning\/undergraduate\/\"},{\"@type\":\"ListItem\",\"position\":3,\"name\":\"Networking Opportunities\"}]},{\"@type\":\"WebSite\",\"@id\":\"https:\/\/college.agrilife.org\/financial-planning\/#website\",\"url\":\"https:\/\/college.agrilife.org\/financial-planning\/\",\"name\":\"Financial Planning Program\",\"description\":\"Plan your financial future.\",\"publisher\":{\"@id\":\"https:\/\/college.agrilife.org\/financial-planning\/#organization\"},\"potentialAction\":[{\"@type\":\"SearchAction\",\"target\":{\"@type\":\"EntryPoint\",\"urlTemplate\":\"https:\/\/college.agrilife.org\/financial-planning\/?s={search_term_string}\"},\"query-input\":{\"@type\":\"PropertyValueSpecification\",\"valueRequired\":true,\"valueName\":\"search_term_string\"}}],\"inLanguage\":\"en-US\"},{\"@type\":\"Organization\",\"@id\":\"https:\/\/college.agrilife.org\/financial-planning\/#organization\",\"name\":\"Financial Planning Program\",\"url\":\"https:\/\/college.agrilife.org\/financial-planning\/\",\"logo\":{\"@type\":\"ImageObject\",\"inLanguage\":\"en-US\",\"@id\":\"https:\/\/college.agrilife.org\/financial-planning\/#\/schema\/logo\/image\/\",\"url\":\"https:\/\/college.agrilife.org\/financial-planning\/wp-content\/uploads\/sites\/47\/2025\/11\/agrilife-a-mark.svg\",\"contentUrl\":\"https:\/\/college.agrilife.org\/financial-planning\/wp-content\/uploads\/sites\/47\/2025\/11\/agrilife-a-mark.svg\",\"caption\":\"Financial Planning Program\"},\"image\":{\"@id\":\"https:\/\/college.agrilife.org\/financial-planning\/#\/schema\/logo\/image\/\"}}]}<\/script>\n<!-- \/ Yoast SEO plugin. -->","yoast_head_json":{"title":"Networking Opportunities - Financial Planning Program","robots":{"index":"index","follow":"follow","max-snippet":"max-snippet:-1","max-image-preview":"max-image-preview:large","max-video-preview":"max-video-preview:-1"},"canonical":"https:\/\/college.agrilife.org\/financial-planning\/undergraduate\/networking\/","og_locale":"en_US","og_type":"article","og_title":"Networking Opportunities - Financial Planning Program","og_description":"Getting involved with the program through networking events, student organization meetings, and interview days are some of the best ways to set yourself up for success. All opportunities listed below are available to students currently enrolled at Texas AM University in a degree-seeking program. Announcements about these opportunities are shared with students via email. Financial [&hellip;]","og_url":"https:\/\/college.agrilife.org\/financial-planning\/undergraduate\/networking\/","og_site_name":"Financial Planning Program","article_modified_time":"2024-03-11T21:36:05+00:00","twitter_card":"summary_large_image","twitter_misc":{"Est. reading time":"2 minutes"},"schema":{"@context":"https:\/\/schema.org","@graph":[{"@type":"WebPage","@id":"https:\/\/college.agrilife.org\/financial-planning\/undergraduate\/networking\/","url":"https:\/\/college.agrilife.org\/financial-planning\/undergraduate\/networking\/","name":"Networking Opportunities - Financial Planning Program","isPartOf":{"@id":"https:\/\/college.agrilife.org\/financial-planning\/#website"},"datePublished":"2022-07-13T21:46:56+00:00","dateModified":"2024-03-11T21:36:05+00:00","breadcrumb":{"@id":"https:\/\/college.agrilife.org\/financial-planning\/undergraduate\/networking\/#breadcrumb"},"inLanguage":"en-US","potentialAction":[{"@type":"ReadAction","target":["https:\/\/college.agrilife.org\/financial-planning\/undergraduate\/networking\/"]}]},{"@type":"BreadcrumbList","@id":"https:\/\/college.agrilife.org\/financial-planning\/undergraduate\/networking\/#breadcrumb","itemListElement":[{"@type":"ListItem","position":1,"name":"Home","item":"https:\/\/college.agrilife.org\/financial-planning\/"},{"@type":"ListItem","position":2,"name":"Undergraduate Programs","item":"https:\/\/college.agrilife.org\/financial-planning\/undergraduate\/"},{"@type":"ListItem","position":3,"name":"Networking Opportunities"}]},{"@type":"WebSite","@id":"https:\/\/college.agrilife.org\/financial-planning\/#website","url":"https:\/\/college.agrilife.org\/financial-planning\/","name":"Financial Planning Program","description":"Plan your financial future.","publisher":{"@id":"https:\/\/college.agrilife.org\/financial-planning\/#organization"},"potentialAction":[{"@type":"SearchAction","target":{"@type":"EntryPoint","urlTemplate":"https:\/\/college.agrilife.org\/financial-planning\/?s={search_term_string}"},"query-input":{"@type":"PropertyValueSpecification","valueRequired":true,"valueName":"search_term_string"}}],"inLanguage":"en-US"},{"@type":"Organization","@id":"https:\/\/college.agrilife.org\/financial-planning\/#organization","name":"Financial Planning Program","url":"https:\/\/college.agrilife.org\/financial-planning\/","logo":{"@type":"ImageObject","inLanguage":"en-US","@id":"https:\/\/college.agrilife.org\/financial-planning\/#\/schema\/logo\/image\/","url":"https:\/\/college.agrilife.org\/financial-planning\/wp-content\/uploads\/sites\/47\/2025\/11\/agrilife-a-mark.svg","contentUrl":"https:\/\/college.agrilife.org\/financial-planning\/wp-content\/uploads\/sites\/47\/2025\/11\/agrilife-a-mark.svg","caption":"Financial Planning Program"},"image":{"@id":"https:\/\/college.agrilife.org\/financial-planning\/#\/schema\/logo\/image\/"}}]}},"_links":{"self":[{"href":"https:\/\/college.agrilife.org\/financial-planning\/wp-json\/wp\/v2\/pages\/4616","targetHints":{"allow":["GET"]}}],"collection":[{"href":"https:\/\/college.agrilife.org\/financial-planning\/wp-json\/wp\/v2\/pages"}],"about":[{"href":"https:\/\/college.agrilife.org\/financial-planning\/wp-json\/wp\/v2\/types\/page"}],"author":[{"embeddable":true,"href":"https:\/\/college.agrilife.org\/financial-planning\/wp-json\/wp\/v2\/users\/188"}],"replies":[{"embeddable":true,"href":"https:\/\/college.agrilife.org\/financial-planning\/wp-json\/wp\/v2\/comments?post=4616"}],"version-history":[{"count":0,"href":"https:\/\/college.agrilife.org\/financial-planning\/wp-json\/wp\/v2\/pages\/4616\/revisions"}],"up":[{"embeddable":true,"href":"https:\/\/college.agrilife.org\/financial-planning\/wp-json\/wp\/v2\/pages\/5552"}],"wp:attachment":[{"href":"https:\/\/college.agrilife.org\/financial-planning\/wp-json\/wp\/v2\/media?parent=4616"}],"curies":[{"name":"wp","href":"https:\/\/api.w.org\/{rel}","templated":true}]}}